{"id":2,"date":"2023-02-04T16:58:49","date_gmt":"2023-02-04T16:58:49","guid":{"rendered":"https:\/\/perinnekorjaus.fi\/?page_id=2"},"modified":"2023-03-12T17:10:18","modified_gmt":"2023-03-12T17:10:18","slug":"yhteystiedot","status":"publish","type":"page","link":"https:\/\/perinnekorjaus.fi\/index.php\/yhteystiedot\/","title":{"rendered":"Yhteystiedot"},"content":{"rendered":"\n<div class=\"wp-block-group is-layout-constrained\" style=\"padding-top:var(--wp--preset--spacing--60);padding-right:var(--wp--preset--spacing--60);padding-bottom:var(--wp--preset--spacing--60);padding-left:var(--wp--preset--spacing--60)\">\n<p class=\"has-black-color has-text-color has-link-color wp-elements-4e7c6ef5771ed70d3938a0b316fdab5c\"><strong>Ari Salminen<\/strong><br>0400 561 600 (my\u00f6s WhatsApp)<br><a href=\"mailto:perinnekorjaus@gmail.com\">perinnekorjaus@gmail.com<\/a><\/p>\n\n\n\n<p class=\"has-background-color has-text-color\"><strong>Perinnekorjaus Salminen Oy<\/strong><br>Y-tunnus 2832219-1<br>Koukkutie 6, 26510 Rauma<\/p>\n\n\n\n<p>Ota seurantaan my\u00f6s <a rel=\"noreferrer noopener\" href=\"https:\/\/www.facebook.com\/perinnekorjaus\/\" target=\"_blank\">Facebookissa<\/a> ja <a href=\"https:\/\/www.instagram.com\/perinnekorjaus\/\" target=\"_blank\" rel=\"noreferrer noopener\">Instagramissa<\/a>.<\/p>\n\n\n\n<p class=\"has-text-align-left has-background-color has-text-color\">Teen ty\u00f6t tuntity\u00f6n\u00e4 tai sopimalla ty\u00f6kokonaisuudesta kiinte\u00e4n urakkahinnan. Oli ty\u00f6 sitten iso tai pieni, ota rohkeasti yhteytt\u00e4 ja pyyd\u00e4 hinta-arvio.<\/p>\n\n\n\n<p class=\"has-text-align-left has-background-color has-text-color has-link-color wp-elements-4855837bc2d88686c440064eb8e75549\">Saat my\u00f6s minulta tilaamastasi ty\u00f6st\u00e4 kotitalousv\u00e4hennyksen. Voit tutustua kotitalousv\u00e4hennykseen tarkemmin <a href=\"https:\/\/www.vero.fi\/henkiloasiakkaat\/verokortti-ja-veroilmoitus\/vahennykset\/kotitalousvahennys\/\" target=\"_blank\" rel=\"noreferrer noopener\">t\u00e4\u00e4ll\u00e4<\/a>.<\/p>\n<\/div>\n","protected":false},"excerpt":{"rendered":"<p>Ari Salminen0400 561 600 (my\u00f6s WhatsApp)perinnekorjaus@gmail.com Perinnekorjaus Salminen OyY-tunnus 2832219-1Koukkutie 6, 26510 Rauma Ota seurantaan my\u00f6s Facebookissa ja Instagramissa. Teen ty\u00f6t tuntity\u00f6n\u00e4 tai sopimalla ty\u00f6kokonaisuudesta kiinte\u00e4n urakkahinnan. Oli ty\u00f6 sitten iso tai pieni, ota rohkeasti yhteytt\u00e4 ja pyyd\u00e4 hinta-arvio. Saat my\u00f6s minulta tilaamastasi ty\u00f6st\u00e4 kotitalousv\u00e4hennyksen. Voit tutustua kotitalousv\u00e4hennykseen tarkemmin t\u00e4\u00e4ll\u00e4.<\/p>\n","protected":false},"author":1,"featured_media":0,"parent":0,"menu_order":0,"comment_status":"closed","ping_status":"open","template":"","meta":[],"_links":{"self":[{"href":"https:\/\/perinnekorjaus.fi\/index.php\/wp-json\/wp\/v2\/pages\/2"}],"collection":[{"href":"https:\/\/perinnekorjaus.fi\/index.php\/wp-json\/wp\/v2\/pages"}],"about":[{"href":"https:\/\/perinnekorjaus.fi\/index.php\/wp-json\/wp\/v2\/types\/page"}],"author":[{"embeddable":true,"href":"https:\/\/perinnekorjaus.fi\/index.php\/wp-json\/wp\/v2\/users\/1"}],"replies":[{"embeddable":true,"href":"https:\/\/perinnekorjaus.fi\/index.php\/wp-json\/wp\/v2\/comments?post=2"}],"version-history":[{"count":9,"href":"https:\/\/perinnekorjaus.fi\/index.php\/wp-json\/wp\/v2\/pages\/2\/revisions"}],"predecessor-version":[{"id":295,"href":"https:\/\/perinnekorjaus.fi\/index.php\/wp-json\/wp\/v2\/pages\/2\/revisions\/295"}],"wp:attachment":[{"href":"https:\/\/perinnekorjaus.fi\/index.php\/wp-json\/wp\/v2\/media?parent=2"}],"curies":[{"name":"wp","href":"https:\/\/api.w.org\/{rel}","templated":true}]}}